{"id":1699,"date":"2021-10-27T06:59:45","date_gmt":"2021-10-27T04:59:45","guid":{"rendered":"https:\/\/spedtrans.eu\/muitines-tarpininko-paslaugos\/"},"modified":"2023-03-10T15:05:18","modified_gmt":"2023-03-10T15:05:18","slug":"muitines-tarpininko-paslaugos","status":"publish","type":"page","link":"https:\/\/spedtrans.eu\/lt\/muitines-tarpininko-paslaugos\/","title":{"rendered":"MUITIN\u0116S TARPININKO PASLAUGOS"},"content":{"rendered":"<div id='full_slider_1'  class='avia-fullwidth-slider main_color avia-shadow   avia-builder-el-0  el_before_av_hr  avia-builder-el-first   container_wrap sidebar_right'  >\n<style type=\"text\/css\" data-created_by=\"avia_inline_auto\" id=\"style-css-av-rvqjy-cd0eed369bedddd651ee4012f02e6e32\">\n#top #wrap_all .avia-slideshow .av-slideshow-caption.av-rvqjy-cd0eed369bedddd651ee4012f02e6e32__0 .avia-caption-title{\nfont-size:14px;\n}\n<\/style>\n<div  class='avia-slideshow av-rvqjy-cd0eed369bedddd651ee4012f02e6e32 avia-slideshow-featured_large av_slideshow_full avia-fade-slider av-slideshow-ui av-control-minimal av-slideshow-autoplay av-loop-endless av-loop-manual-endless av-default-height-applied   avia-slideshow-1' data-slideshow-options=\"{&quot;animation&quot;:&quot;fade&quot;,&quot;autoplay&quot;:true,&quot;loop_autoplay&quot;:&quot;endless&quot;,&quot;interval&quot;:5,&quot;loop_manual&quot;:&quot;manual-endless&quot;,&quot;autoplay_stopper&quot;:false,&quot;noNavigation&quot;:false,&quot;bg_slider&quot;:false,&quot;keep_padding&quot;:false,&quot;hoverpause&quot;:false,&quot;show_slide_delay&quot;:0}\"  itemprop=\"image\" itemscope=\"itemscope\" itemtype=\"https:\/\/schema.org\/ImageObject\" ><ul class='avia-slideshow-inner ' style='padding-bottom: 33.466666666667%;'><li  class='avia-slideshow-slide av-rvqjy-cd0eed369bedddd651ee4012f02e6e32__0  av-single-slide slide-1 slide-odd'><div data-rel='slideshow-1' class='avia-slide-wrap '   ><div class='av-slideshow-caption av-rvqjy-cd0eed369bedddd651ee4012f02e6e32__0 caption_fullwidth caption_left caption_left_framed caption_framed'><div class=\"container caption_container\"><div class=\"slideshow_caption\"><div class=\"slideshow_inner_caption\"><div class=\"slideshow_align_caption\"><h2 class='avia-caption-title '  itemprop=\"name\" >Ekspedijavimas, transportas, logistika<\/h2><div class='avia-caption-content '  itemprop=\"description\" ><p>Jau 17 met\u0173 teikiame visapusi\u0161kas paslaugas \u012fmon\u0117ms nacionalinio ir tarptautinio keli\u0173 transporto ir krovini\u0173 ekspedijavimo srityje.<\/p>\n<\/div><a href=''  class='avia-slideshow-button avia-button avia-color-light ' data-duration='800' data-easing='easeInOutQuad'>Susipa\u017einkite su m\u016bs\u0173 pasi\u016blymu  <\/a><\/div><\/div><\/div><\/div><\/div><img decoding=\"async\" fetchpriority=\"high\" class=\"wp-image-1152 avia-img-lazy-loading-not-1152\"  src=\"https:\/\/spedtrans.eu\/wp-content\/uploads\/2021\/10\/Sped-trans-transport-i-logistyka-1500x502.jpg\" width=\"1500\" height=\"502\" title='Sped trans transport i logistyka' alt=''  itemprop=\"thumbnailUrl\"   \/><div class='av-section-color-overlay' style='opacity: 0.2; background-color: #000000; '><\/div><\/div><\/li><\/ul><\/div><\/div><div id='after_full_slider_1'  class='main_color av_default_container_wrap container_wrap sidebar_right'  ><div class='container av-section-cont-open' ><div class='template-page content  av-content-small alpha units'><div class='post-entry post-entry-type-page post-entry-1699'><div class='entry-content-wrapper clearfix'>\n<div  class='hr av-lbkmqvb3-002fdc0252288bdf78c9dd2e53d49ccb hr-full  avia-builder-el-1  el_after_av_slideshow_full  el_before_av_textblock  avia-builder-el-first  hr-no-shadow'><span class='hr-inner '><span class=\"hr-inner-style\"><\/span><\/span><\/div>\n<section  class='av_textblock_section av-lbkmqg6c-58f88b87e1de03ce423db5d0575504c4 '   itemscope=\"itemscope\" itemtype=\"https:\/\/schema.org\/CreativeWork\" ><div class='avia_textblock'  itemprop=\"text\" ><h2 style=\"text-align: center;\">MUITIN\u0116S TARPININKO PASLAUGOS<\/h2>\n<\/div><\/section>\n<div  class='hr av-lbkmr84p-a32327d95b8e7853ab41216dcfadcb50 hr-full  avia-builder-el-3  el_after_av_textblock  el_before_av_one_third  hr-no-shadow'><span class='hr-inner '><span class=\"hr-inner-style\"><\/span><\/span><\/div>\n<div  class='flex_column av-h88zy-e78e6505d60fed173661ff3046835176 av_one_third  avia-builder-el-4  el_after_av_hr  el_before_av_two_third  first flex_column_div  '     ><style type=\"text\/css\" data-created_by=\"avia_inline_auto\" id=\"style-css-av-kv97qidq-5a25c6854cf92a92f5b13e7d97cbc492\">\n.avia-image-container.av-kv97qidq-5a25c6854cf92a92f5b13e7d97cbc492 img.avia_image{\nbox-shadow:none;\n}\n.avia-image-container.av-kv97qidq-5a25c6854cf92a92f5b13e7d97cbc492 .av-image-caption-overlay-center{\ncolor:#ffffff;\n}\n<\/style>\n<div  class='avia-image-container av-kv97qidq-5a25c6854cf92a92f5b13e7d97cbc492 av-styling- avia-align-center  avia-builder-el-5  avia-builder-el-no-sibling '   itemprop=\"image\" itemscope=\"itemscope\" itemtype=\"https:\/\/schema.org\/ImageObject\" ><div class=\"avia-image-container-inner\"><div class=\"avia-image-overlay-wrap\"><img decoding=\"async\" fetchpriority=\"high\" class='wp-image-1244 avia-img-lazy-loading-not-1244 avia_image ' src=\"https:\/\/spedtrans.eu\/wp-content\/uploads\/2021\/10\/Transport-agncja-celna.jpg\" alt='' title='Transport-agncja-celna'  height=\"1033\" width=\"800\"  itemprop=\"thumbnailUrl\" srcset=\"https:\/\/spedtrans.eu\/wp-content\/uploads\/2021\/10\/Transport-agncja-celna.jpg 800w, https:\/\/spedtrans.eu\/wp-content\/uploads\/2021\/10\/Transport-agncja-celna-232x300.jpg 232w, https:\/\/spedtrans.eu\/wp-content\/uploads\/2021\/10\/Transport-agncja-celna-798x1030.jpg 798w, https:\/\/spedtrans.eu\/wp-content\/uploads\/2021\/10\/Transport-agncja-celna-768x992.jpg 768w, https:\/\/spedtrans.eu\/wp-content\/uploads\/2021\/10\/Transport-agncja-celna-546x705.jpg 546w\" sizes=\"(max-width: 800px) 100vw, 800px\" \/><\/div><\/div><\/div><\/div>\n<div  class='flex_column av-72gse-4d39fb4e48383c17d21de258c7288aad av_two_third  avia-builder-el-6  el_after_av_one_third  avia-builder-el-last  flex_column_div  '     ><section  class='av_textblock_section av-kv97qu2k-530cecd70943541239ee3e5c73d6b206 '   itemscope=\"itemscope\" itemtype=\"https:\/\/schema.org\/CreativeWork\" ><div class='avia_textblock'  itemprop=\"text\" ><h4>Siun\u010diant krovinius u\u017e Europos S\u0105jungos rib\u0173, pasir\u016bpiname visais b\u016btinais formalumais ir dokumentais.<\/h4>\n<\/div><\/section><br \/>\n<section  class='av_textblock_section av-kv97s02q-4ed0dbf66cb7833bf21bcab724334957 '   itemscope=\"itemscope\" itemtype=\"https:\/\/schema.org\/CreativeWork\" ><div class='avia_textblock'  itemprop=\"text\" ><div id=\"dslc-module-29088f2586c\" class=\"dslc-module-front dslc-module-DSLC_Text_Simple dslc-in-viewport-check dslc-in-viewport-anim-none  dslc-col dslc-12-col dslc-last-col  dslc-module-handle-like-regular  dslc-in-viewport\" data-module-id=\"29088f2586c\" data-module=\"DSLC_Text_Simple\" data-dslc-module-size=\"12\" data-dslc-anim=\"none\" data-dslc-anim-delay=\"\" data-dslc-anim-duration=\"850\" data-dslc-anim-easing=\"ease-in\" data-dslc-preset=\"none\">\n<div class=\"dslc-text-module-content\">\n<p>Je\u015bli kupuj\u0105c towary z\u00a0Unii Europejskiej w\u00a0danym roku przekroczy\u0142e\u015b kwot\u0119 1\u00a0000 000 PLN, masz obowi\u0105zek dokonywania zg\u0142osze\u0144 nabycia wewn\u0105trzwsp\u00f3lnotowego w\u00a0postaci deklaracji INTRASTAT. Podobnie sytuacja wygl\u0105da wtedy, gdy sprzedaj\u0105c towary do Unii Europejskiej w\u00a0konkretnym roku przekroczy\u0142e\u015b ju\u017c pr\u00f3g 1\u00a0000 000 PLN \u2013\u00a0w\u00f3wczas r\u00f3wnie\u017c masz obowi\u0105zek dokonywania zg\u0142osze\u0144 dostawy\u00a0wewn\u0105trzwsp\u00f3lnotowej.<\/p>\n<p>Nie wiesz, jak to zrobi\u0107? Skontaktuj si\u0119 z\u00a0nami.<\/p>\n<p>Na zlecenie i\u00a0z upowa\u017cnienia klient\u00f3w opracowujemy, a\u00a0tak\u017ce sk\u0142adamy w\u00a0urz\u0119dach celnych dokumenty INTRASTAT dotycz\u0105ce statystyki obrotu towarowego \u2013\u00a0wyw\u00f3z do i\u00a0przyw\u00f3z z\u00a0kraj\u00f3w\u00a0UE.<\/p>\n<p>System celny zwi\u0105zany jest jedynie z\u00a0obrotami towarowymi pomi\u0119dzy krajami Unii Europejskiej i\u00a0tzw. krajami trzecimi. Opiera si\u0119 przede wszystkim o\u00a0dokumenty SAD, tworz\u0105c po odprawie celnej baz\u0119 danych dla systemu statystycznego nosz\u0105cego nazw\u0119\u00a0EKSTRASTAT.<\/p>\n<p>W obrotach pomi\u0119dzy krajami Unii Europejskiej nie wyst\u0119puj\u0105 granice celne, a\u00a0co za tym idzie nie maj\u0105 zastosowania dokumenty SAD. Stworzono zatem inn\u0105 metod\u0119 obserwowania obrot\u00f3w \u2013\u00a0system INTRASTAT. Opiera si\u0119 on na jednostkowych i\u00a0comiesi\u0119cznych deklaracjach sk\u0142adanych przez eksporter\u00f3w i\u00a0importer\u00f3w lub jednostki przez nich\u00a0upowa\u017cnione.<\/p>\n<p>Na obroty towarowe wybranego kraju UE sk\u0142adaj\u0105 si\u0119 dane zarejestrowane w\u00a0systemie statystycznym EKSTRASTAT tworzonym na podstawie danych ze zg\u0142osze\u0144 celnych weryfikowanych przez funkcjonariuszy celnych oraz dane z\u00a0deklaracji statystycznych zarejestrowane w\u00a0skorelowanym z\u00a0deklaracjami podatkowymi systemie\u00a0INTRASTAT.<\/p>\n<p>Oba systemy statystyczne maj\u0105 wiele wsp\u00f3lnych cech, r\u00f3\u017cni\u0105 je jednak zakres i\u00a0zasady gromadzenia danych. Polska, przyst\u0119puj\u0105c do Unii Europejskiej, musia\u0142a by\u0107 gotowa do stosowania analogicznych jak w\u00a0innych krajach UE metod obserwowania ruchu\u00a0towar\u00f3w.<\/p>\n<p>Eksporterzy i\u00a0importerzy stoj\u0105 przed wyzwaniem zorganizowania ewidencji w\u0142asnych obrot\u00f3w handlowych zapewniaj\u0105cych wzajemn\u0105 korespondencj\u0119 deklaracji podatkowych i\u00a0deklaracji statystycznych dotycz\u0105cych obrot\u00f3w w\u00a0ramach Unii\u00a0Europejskiej.<\/p>\n<p><strong>OBR\u00d3T TOWAROWY PODLEGAJ\u0104CY ZG\u0141ASZANIU DO SYSTEMU INTRASTAT<\/strong><\/p>\n<p>Ka\u017cdy fizyczny przep\u0142yw towar\u00f3w pomi\u0119dzy pa\u0144stwami cz\u0142onkowskimi jest przedmiotem analiz statystycznych dotycz\u0105cych handlu towarami pomi\u0119dzy Pa\u0144stwami Cz\u0142onkowskimi. Przep\u0142yw towar\u00f3w pozostaje przedmiotem zainteresowania dla systemu INTRASTAT tak\u017ce w\u00f3wczas, gdy towary przekraczaj\u0105 granice zewn\u0119trzne UE. Przep\u0142yw towar\u00f3w podlegaj\u0105cy obowi\u0105zkowi zg\u0142oszenia nie musi by\u0107 przedmiotem transakcji handlowej, dane systemu INTRASTAT maj\u0105 by\u0107 dostarczone bez wzgl\u0119du na fakt, czy dostawa jest zwi\u0105zana z\u00a0transakcj\u0105 finansow\u0105, czy\u00a0nie.<\/p>\n<p><strong>Zg\u0142oszeniu do systemu INTRASTAT podlegaj\u0105 wymienione ni\u017cej towary i\u00a0przep\u0142ywy\u00a0towar\u00f3w:<\/strong><\/p>\n<p style=\"padding-left: 40px;\">\u2022 zakupione i sprzedane;<br \/>\n\u2022 transferowane w ramach tej samej osoby prawnej;<br \/>\n\u2022 kt\u00f3re b\u0119d\u0105 przetwarzane, uszlachetniane lub naprawiane;<br \/>\n\u2022 kt\u00f3re maj\u0105 by\u0107 dostarczone w ramach umowy;<br \/>\n\u2022 kt\u00f3re maj\u0105 by\u0107 zainstalowane lub u\u017cyte w konstrukcjach;<br \/>\n\u2022 kt\u00f3re maj\u0105 by\u0107 dostarczone bezp\u0142atnie;<br \/>\n\u2022 realizowane na podstawie leasingu finansowego.<\/p>\n<p>Podmioty odpowiedzialne w\u00a0systemie\u00a0INTRASTAT<\/p>\n<p>Ka\u017cdy przep\u0142yw towar\u00f3w w\u00a0UE jest rejestrowany dwukrotnie\u00a0jako:<\/p>\n<p style=\"padding-left: 40px;\">\u2022 wysy\u0142ka lub towary wychodz\u0105ce \u2013 rejestracji dokonuje Pa\u0144stwo Cz\u0142onkowskie wysy\u0142aj\u0105ce towary;<br \/>\n\u2022 dostawa lub towary wchodz\u0105ce \u2013 rejestracji dokonuje Pa\u0144stwo Cz\u0142onkowskie otrzymuj\u0105ce towary.<\/p>\n<p>Podmiot odpowiedzialny za dostarczenie danych do systemu INTRASTAT mo\u017ce realizowa\u0107 ten obowi\u0105zek osobi\u015bcie lub przez dowolnego agenta\/agencj\u0119 celn\u0105, okre\u015blonego w\u00a0ustawodawstwie zwi\u0105zanym z\u00a0systemem INTRASTAT jako \u201edeklaruj\u0105ca trzecia strona\u201d. Jednak\u017ce w\u00a0takich przypadkach odpowiedzialno\u015b\u0107 za kompletno\u015b\u0107 i\u00a0dok\u0142adno\u015b\u0107 sk\u0142adanych deklaracji statystycznych spoczywa z\u00a0mocy prawa na podmiocie, kt\u00f3ry wyznaczy\u0142 agenta realizuj\u0105cego dostarczanie danych do\u00a0systemu.<\/p>\n<p>Osoby prywatne nie s\u0105 zobowi\u0105zane do wype\u0142nienia deklaracji statystycznej dla systemu INTRASTAT. Obowi\u0105zek ten spoczywa na partnerach handlowych takich os\u00f3b, je\u015bli s\u0105 p\u0142atnikami podatku\u00a0VAT.<\/p>\n<p>Przedsi\u0119wzi\u0119cia handlowe o\u00a0bardzo ma\u0142ej\u00a0warto\u015bci<\/p>\n<p>Przedsi\u0119wzi\u0119cia handlowe, kt\u00f3rym przyznano prawo korzystania z\u00a0uproszczonych procedur rozliczania podatku, takich jak procedura zrycza\u0142towanego poboru i\u00a0zwrotu podatku VAT oraz przedsi\u0119wzi\u0119cia o\u00a0bardzo ma\u0142ym rocznym wolumenie obrot\u00f3w handlowych, kt\u00f3re krajowe w\u0142adze podatkowe zwolni\u0142y z\u00a0obowi\u0105zk\u00f3w rozliczania podatku VAT, s\u0105 zwolnione tak\u017ce z\u00a0obowi\u0105zku sk\u0142adania deklaracji statystycznych dla systemu\u00a0INTRASTAT.<\/p>\n<p>Obowi\u0105zek sprawozdawczy nie jest taki sam dla wszystkich uczestnik\u00f3w bior\u0105cych udzia\u0142 w\u00a0systemie. Obci\u0105\u017cenie przedsi\u0119biorstw obowi\u0105zkami zale\u017cy od warto\u015bci transakcji towarowych z\u00a0biznesowymi partnerami w\u00a0innych krajach UE. Ka\u017cde pa\u0144stwo UE stosuje w\u0142asny tzw. pr\u00f3g statystyczny. S\u0105 to limity warto\u015bciowe, wed\u0142ug kt\u00f3rych przekazywanie informacji mo\u017ce by\u0107 zawieszone lub\u00a0ograniczone.<\/p>\n<p>Progi te s\u0105 ustalane odr\u0119bnie przez pa\u0144stwa cz\u0142onkowskie UE i\u00a0obowi\u0105zuj\u0105 przez ca\u0142y rok sprawozdawczy. Istnieje ponadto zasada, \u017ce warto\u015b\u0107 prog\u00f3w statystycznych jest okre\u015blona oddzielnie dla przywozu i\u00a0wywozu.<\/p>\n<p>Deklaracje statystyczne musz\u0105 by\u0107 sk\u0142adane do systemu INTRASTAT co miesi\u0105c. Okresem odniesienia jest miesi\u0105c kalendarzowy obejmuj\u0105cy wykonane w\u00a0nim przep\u0142ywy towar\u00f3w podlegaj\u0105ce rejestracji w\u00a0systemie.<\/p>\n<p>Termin dostarczenia comiesi\u0119cznych deklaracji statystycznych ustala si\u0119 na nie wi\u0119cej ni\u017c 10 dni roboczych, licz\u0105c od daty zako\u0144czenia okresu odniesienia. Termin dostarczenia informacji statystycznych na no\u015bniku elektronicznym mo\u017ce by\u0107 d\u0142u\u017cszy ni\u017c 10 dni. Wymienione wy\u017cej terminy dostarczenia deklaracji statystycznych musz\u0105 by\u0107 \u015bci\u015ble przestrzegane. Niewywi\u0105zanie si\u0119 z\u00a0dotrzymania termin\u00f3w nara\u017ca podmiot odpowiedzialny za dostarczenie informacji na sankcje\u00a0karne.<\/p>\n<p>Ca\u0142y ruch towarowy w\u00a0krajach Unii Europejskiej jest oparty o\u00a0odpowiednie\u00a0prawodawstwo.<\/p>\n<p><strong>Regulacje Rady Unii\u00a0Europejskiej:<\/strong><\/p>\n<p style=\"padding-left: 40px;\">\u2022 Rozporz\u0105dzenie Rady (EWG) nr. 3330\/91 z 7 listopada 1991 roku w sprawie statystyki handlu towarami miedzy Pa\u0144stwami Cz\u0142onkowskimi;<br \/>\n\u2022 Rozporz\u0105dzenie (WE) nr. 1182\/99 Parlamentu Europejskiego i Rady Unii Europejskiej z dnia 10 maja 1999 roku zmieniaj\u0105ce Rozporz\u0105dzenie Rady (EWG) nr 3330\/91 w sprawie zredukowania ilo\u015bci danych dostarczanych do systemu INTRASTAT;<br \/>\n\u2022 Rozporz\u0105dzenie (WE) nr 1624\/2000 Parlamentu Europejskiego i Rady Unii Europejskiej z dnia 10 lipca 2000 roku zmieniaj\u0105ce rozporz\u0105dzenie Rady (EWG) nr 3330\/91 w sprawie uproszczonego stosowania nomenklatury towarowej;<br \/>\n\u2022 Rozporz\u0105dzenie Rady (EWG) nr 2658\/87 z 23 lipca 1987 w sprawie taryf celnych i nomenklatury statystycznej oraz w sprawie Wsp\u00f3lnej Taryfy Celnej;<br \/>\n\u2022 Rozporz\u0105dzenie Rady (WE) nr 322\/97 z 17 lutego 1997 w sprawie statystyki UE;<br \/>\n\u2022 Rozporz\u0105dzenie Rady (Euroatom, EWG) nr 1588\/90 z 11 czerwca 1990 roku w sprawie przesy\u0142ania do Urz\u0119du Statystycznego Wsp\u00f3lnot Europejskich danych stanowi\u0105cych tajemnic\u0119 statystyczn\u0105.<\/p>\n<p><strong>Regulacje Komisji\u00a0Europejskiej:<\/strong><\/p>\n<p style=\"padding-left: 40px;\">\u2022 Rozporz\u0105dzenie Komisji (EWG) nr 190\/2000 z dnia 7 sierpnia 2000 roku ustalaj\u0105ce pewne zasady zwi\u0105zane z wdro\u017ceniem rozporz\u0105dzenia Rady (EWG) 333\/91 w sprawie statystyki dotycz\u0105cej handlu towarami pomi\u0119dzy Pa\u0144stwami Cz\u0142onkowskimi;<br \/>\n\u2022 Rozporz\u0105dzenie Komisji (EWG) NR 3590\/92 z dnia 11 grudnia 1992 roku w sprawie no\u015bnik\u00f3w informacji statystycznej dla statystyki dotycz\u0105cej handlu pomi\u0119dzy Pa\u0144stwami Cz\u0142onkowskimi.<\/p>\n<\/div>\n<\/div>\n<\/div><\/section><\/p><\/div>\n","protected":false},"excerpt":{"rendered":"","protected":false},"author":1,"featured_media":0,"parent":0,"menu_order":0,"comment_status":"closed","ping_status":"closed","template":"","meta":{"footnotes":""},"class_list":["post-1699","page","type-page","status-publish","hentry"],"yoast_head":"<!-- This site is optimized with the Yoast SEO plugin v27.2 - https:\/\/yoast.com\/product\/yoast-seo-wordpress\/ -->\n<title>MUITIN\u0116S TARPININKO PASLAUGOS<\/title>\n<meta name=\"description\" content=\"Jei per metus i\u0161 Europos S\u0105jungos \u012fsigyjate preki\u0173 u\u017e didesn\u0119 nei 1 000 000 PLN sum\u0105, privalote pateikti \u012fsigijimo deklaracijas.....\" \/>\n<meta name=\"robots\" content=\"index, follow, max-snippet:-1, max-image-preview:large, max-video-preview:-1\" \/>\n<link rel=\"canonical\" href=\"https:\/\/spedtrans.eu\/lt\/muitines-tarpininko-paslaugos\/\" \/>\n<meta property=\"og:locale\" content=\"lt_LT\" \/>\n<meta property=\"og:type\" content=\"article\" \/>\n<meta property=\"og:title\" content=\"MUITIN\u0116S TARPININKO PASLAUGOS\" \/>\n<meta property=\"og:description\" content=\"Jei per metus i\u0161 Europos S\u0105jungos \u012fsigyjate preki\u0173 u\u017e didesn\u0119 nei 1 000 000 PLN sum\u0105, privalote pateikti \u012fsigijimo deklaracijas.....\" \/>\n<meta property=\"og:url\" content=\"https:\/\/spedtrans.eu\/lt\/muitines-tarpininko-paslaugos\/\" \/>\n<meta property=\"og:site_name\" content=\"Firma Transportowa Olsztyn\" \/>\n<meta property=\"article:modified_time\" content=\"2023-03-10T15:05:18+00:00\" \/>\n<meta name=\"twitter:card\" content=\"summary_large_image\" \/>\n<meta name=\"twitter:label1\" content=\"Est. reading time\" \/>\n\t<meta name=\"twitter:data1\" content=\"11 minu\u010di\u0173\" \/>\n<script type=\"application\/ld+json\" class=\"yoast-schema-graph\">{\"@context\":\"https:\/\/schema.org\",\"@graph\":[{\"@type\":\"WebPage\",\"@id\":\"https:\/\/spedtrans.eu\/lt\/muitines-tarpininko-paslaugos\/\",\"url\":\"https:\/\/spedtrans.eu\/lt\/muitines-tarpininko-paslaugos\/\",\"name\":\"MUITIN\u0116S TARPININKO PASLAUGOS\",\"isPartOf\":{\"@id\":\"https:\/\/spedtrans.eu\/lt\/#website\"},\"datePublished\":\"2021-10-27T04:59:45+00:00\",\"dateModified\":\"2023-03-10T15:05:18+00:00\",\"description\":\"Jei per metus i\u0161 Europos S\u0105jungos \u012fsigyjate preki\u0173 u\u017e didesn\u0119 nei 1 000 000 PLN sum\u0105, privalote pateikti \u012fsigijimo deklaracijas.....\",\"breadcrumb\":{\"@id\":\"https:\/\/spedtrans.eu\/lt\/muitines-tarpininko-paslaugos\/#breadcrumb\"},\"inLanguage\":\"lt-LT\",\"potentialAction\":[{\"@type\":\"ReadAction\",\"target\":[\"https:\/\/spedtrans.eu\/lt\/muitines-tarpininko-paslaugos\/\"]}]},{\"@type\":\"BreadcrumbList\",\"@id\":\"https:\/\/spedtrans.eu\/lt\/muitines-tarpininko-paslaugos\/#breadcrumb\",\"itemListElement\":[{\"@type\":\"ListItem\",\"position\":1,\"name\":\"Strona g\u0142\u00f3wna\",\"item\":\"https:\/\/spedtrans.eu\/lt\/logistyka-transport-spedycja\/\"},{\"@type\":\"ListItem\",\"position\":2,\"name\":\"MUITIN\u0116S TARPININKO PASLAUGOS\"}]},{\"@type\":\"WebSite\",\"@id\":\"https:\/\/spedtrans.eu\/lt\/#website\",\"url\":\"https:\/\/spedtrans.eu\/lt\/\",\"name\":\"Firma Transportowa Olsztyn\",\"description\":\"Spedtrans- Kompleksowe us\u0142ugi Logistyczne i Transport mi\u0119dzynarodowy.\",\"publisher\":{\"@id\":\"https:\/\/spedtrans.eu\/lt\/#organization\"},\"potentialAction\":[{\"@type\":\"SearchAction\",\"target\":{\"@type\":\"EntryPoint\",\"urlTemplate\":\"https:\/\/spedtrans.eu\/lt\/?s={search_term_string}\"},\"query-input\":{\"@type\":\"PropertyValueSpecification\",\"valueRequired\":true,\"valueName\":\"search_term_string\"}}],\"inLanguage\":\"lt-LT\"},{\"@type\":\"Organization\",\"@id\":\"https:\/\/spedtrans.eu\/lt\/#organization\",\"name\":\"SpedTrans SP. z O.O.\",\"alternateName\":\"Spedtrans Olsztyn\",\"url\":\"https:\/\/spedtrans.eu\/lt\/\",\"logo\":{\"@type\":\"ImageObject\",\"inLanguage\":\"lt-LT\",\"@id\":\"https:\/\/spedtrans.eu\/lt\/#\/schema\/logo\/image\/\",\"url\":\"https:\/\/spedtrans.eu\/wp-content\/uploads\/2021\/11\/transport-spedtrans-logo.jpg\",\"contentUrl\":\"https:\/\/spedtrans.eu\/wp-content\/uploads\/2021\/11\/transport-spedtrans-logo.jpg\",\"width\":122,\"height\":130,\"caption\":\"SpedTrans SP. z O.O.\"},\"image\":{\"@id\":\"https:\/\/spedtrans.eu\/lt\/#\/schema\/logo\/image\/\"}}]}<\/script>\n<!-- \/ Yoast SEO plugin. -->","yoast_head_json":{"title":"MUITIN\u0116S TARPININKO PASLAUGOS","description":"Jei per metus i\u0161 Europos S\u0105jungos \u012fsigyjate preki\u0173 u\u017e didesn\u0119 nei 1 000 000 PLN sum\u0105, privalote pateikti \u012fsigijimo deklaracijas.....","robots":{"index":"index","follow":"follow","max-snippet":"max-snippet:-1","max-image-preview":"max-image-preview:large","max-video-preview":"max-video-preview:-1"},"canonical":"https:\/\/spedtrans.eu\/lt\/muitines-tarpininko-paslaugos\/","og_locale":"lt_LT","og_type":"article","og_title":"MUITIN\u0116S TARPININKO PASLAUGOS","og_description":"Jei per metus i\u0161 Europos S\u0105jungos \u012fsigyjate preki\u0173 u\u017e didesn\u0119 nei 1 000 000 PLN sum\u0105, privalote pateikti \u012fsigijimo deklaracijas.....","og_url":"https:\/\/spedtrans.eu\/lt\/muitines-tarpininko-paslaugos\/","og_site_name":"Firma Transportowa Olsztyn","article_modified_time":"2023-03-10T15:05:18+00:00","twitter_card":"summary_large_image","twitter_misc":{"Est. reading time":"11 minu\u010di\u0173"},"schema":{"@context":"https:\/\/schema.org","@graph":[{"@type":"WebPage","@id":"https:\/\/spedtrans.eu\/lt\/muitines-tarpininko-paslaugos\/","url":"https:\/\/spedtrans.eu\/lt\/muitines-tarpininko-paslaugos\/","name":"MUITIN\u0116S TARPININKO PASLAUGOS","isPartOf":{"@id":"https:\/\/spedtrans.eu\/lt\/#website"},"datePublished":"2021-10-27T04:59:45+00:00","dateModified":"2023-03-10T15:05:18+00:00","description":"Jei per metus i\u0161 Europos S\u0105jungos \u012fsigyjate preki\u0173 u\u017e didesn\u0119 nei 1 000 000 PLN sum\u0105, privalote pateikti \u012fsigijimo deklaracijas.....","breadcrumb":{"@id":"https:\/\/spedtrans.eu\/lt\/muitines-tarpininko-paslaugos\/#breadcrumb"},"inLanguage":"lt-LT","potentialAction":[{"@type":"ReadAction","target":["https:\/\/spedtrans.eu\/lt\/muitines-tarpininko-paslaugos\/"]}]},{"@type":"BreadcrumbList","@id":"https:\/\/spedtrans.eu\/lt\/muitines-tarpininko-paslaugos\/#breadcrumb","itemListElement":[{"@type":"ListItem","position":1,"name":"Strona g\u0142\u00f3wna","item":"https:\/\/spedtrans.eu\/lt\/logistyka-transport-spedycja\/"},{"@type":"ListItem","position":2,"name":"MUITIN\u0116S TARPININKO PASLAUGOS"}]},{"@type":"WebSite","@id":"https:\/\/spedtrans.eu\/lt\/#website","url":"https:\/\/spedtrans.eu\/lt\/","name":"Firma Transportowa Olsztyn","description":"Spedtrans- Kompleksowe us\u0142ugi Logistyczne i Transport mi\u0119dzynarodowy.","publisher":{"@id":"https:\/\/spedtrans.eu\/lt\/#organization"},"potentialAction":[{"@type":"SearchAction","target":{"@type":"EntryPoint","urlTemplate":"https:\/\/spedtrans.eu\/lt\/?s={search_term_string}"},"query-input":{"@type":"PropertyValueSpecification","valueRequired":true,"valueName":"search_term_string"}}],"inLanguage":"lt-LT"},{"@type":"Organization","@id":"https:\/\/spedtrans.eu\/lt\/#organization","name":"SpedTrans SP. z O.O.","alternateName":"Spedtrans Olsztyn","url":"https:\/\/spedtrans.eu\/lt\/","logo":{"@type":"ImageObject","inLanguage":"lt-LT","@id":"https:\/\/spedtrans.eu\/lt\/#\/schema\/logo\/image\/","url":"https:\/\/spedtrans.eu\/wp-content\/uploads\/2021\/11\/transport-spedtrans-logo.jpg","contentUrl":"https:\/\/spedtrans.eu\/wp-content\/uploads\/2021\/11\/transport-spedtrans-logo.jpg","width":122,"height":130,"caption":"SpedTrans SP. z O.O."},"image":{"@id":"https:\/\/spedtrans.eu\/lt\/#\/schema\/logo\/image\/"}}]}},"_links":{"self":[{"href":"https:\/\/spedtrans.eu\/lt\/wp-json\/wp\/v2\/pages\/1699","targetHints":{"allow":["GET"]}}],"collection":[{"href":"https:\/\/spedtrans.eu\/lt\/wp-json\/wp\/v2\/pages"}],"about":[{"href":"https:\/\/spedtrans.eu\/lt\/wp-json\/wp\/v2\/types\/page"}],"author":[{"embeddable":true,"href":"https:\/\/spedtrans.eu\/lt\/wp-json\/wp\/v2\/users\/1"}],"replies":[{"embeddable":true,"href":"https:\/\/spedtrans.eu\/lt\/wp-json\/wp\/v2\/comments?post=1699"}],"version-history":[{"count":1,"href":"https:\/\/spedtrans.eu\/lt\/wp-json\/wp\/v2\/pages\/1699\/revisions"}],"predecessor-version":[{"id":1701,"href":"https:\/\/spedtrans.eu\/lt\/wp-json\/wp\/v2\/pages\/1699\/revisions\/1701"}],"wp:attachment":[{"href":"https:\/\/spedtrans.eu\/lt\/wp-json\/wp\/v2\/media?parent=1699"}],"curies":[{"name":"wp","href":"https:\/\/api.w.org\/{rel}","templated":true}]}}