{"id":1681,"date":"2021-10-27T06:51:12","date_gmt":"2021-10-27T04:51:12","guid":{"rendered":"https:\/\/spedtrans.eu\/innerstaatlicher-verkehr\/"},"modified":"2023-03-10T15:05:12","modified_gmt":"2023-03-10T15:05:12","slug":"innerstaatlicher-verkehr","status":"publish","type":"page","link":"https:\/\/spedtrans.eu\/de\/innerstaatlicher-verkehr\/","title":{"rendered":"Innerstaatlicher Verkehr"},"content":{"rendered":"<div id='full_slider_1'  class='avia-fullwidth-slider main_color avia-shadow   avia-builder-el-0  el_before_av_one_third  avia-builder-el-first   container_wrap sidebar_right'  >\n<style type=\"text\/css\" data-created_by=\"avia_inline_auto\" id=\"style-css-av-q6zth-9d374b8f494d36ac85fbf311b3ccd9a6\">\n#top #wrap_all .avia-slideshow .av-slideshow-caption.av-q6zth-9d374b8f494d36ac85fbf311b3ccd9a6__0 .avia-caption-title{\nfont-size:14px;\n}\n<\/style>\n<div  class='avia-slideshow av-q6zth-9d374b8f494d36ac85fbf311b3ccd9a6 avia-slideshow-featured_large av_slideshow_full avia-fade-slider av-slideshow-ui av-control-minimal av-slideshow-autoplay av-loop-endless av-loop-manual-endless av-default-height-applied   avia-slideshow-1' data-slideshow-options=\"{&quot;animation&quot;:&quot;fade&quot;,&quot;autoplay&quot;:true,&quot;loop_autoplay&quot;:&quot;endless&quot;,&quot;interval&quot;:5,&quot;loop_manual&quot;:&quot;manual-endless&quot;,&quot;autoplay_stopper&quot;:false,&quot;noNavigation&quot;:false,&quot;bg_slider&quot;:false,&quot;keep_padding&quot;:false,&quot;hoverpause&quot;:false,&quot;show_slide_delay&quot;:0}\"  itemprop=\"image\" itemscope=\"itemscope\" itemtype=\"https:\/\/schema.org\/ImageObject\" ><ul class='avia-slideshow-inner ' style='padding-bottom: 33.466666666667%;'><li  class='avia-slideshow-slide av-q6zth-9d374b8f494d36ac85fbf311b3ccd9a6__0  av-single-slide slide-1 slide-odd'><div data-rel='slideshow-1' class='avia-slide-wrap '   ><div class='av-slideshow-caption av-q6zth-9d374b8f494d36ac85fbf311b3ccd9a6__0 caption_fullwidth caption_left caption_left_framed caption_framed'><div class=\"container caption_container\"><div class=\"slideshow_caption\"><div class=\"slideshow_inner_caption\"><div class=\"slideshow_align_caption\"><h2 class='avia-caption-title '  itemprop=\"name\" >Spedition, Transport, Logistik<\/h2><div class='avia-caption-content '  itemprop=\"description\" ><p>Seit 17 Jahren erbringen wir umfassende Dienstleistungen f\u00fcr Unternehmen im Bereich des nationalen und internationalen Stra\u00dfentransports und der Spedition.<\/p>\n<\/div><a href=''  class='avia-slideshow-button avia-button avia-color-light ' data-duration='800' data-easing='easeInOutQuad'>Erkunden Sie unser Angebot  <\/a><\/div><\/div><\/div><\/div><\/div><img decoding=\"async\" fetchpriority=\"high\" class=\"wp-image-1151 avia-img-lazy-loading-not-1151\"  src=\"https:\/\/spedtrans.eu\/wp-content\/uploads\/2021\/10\/Sped-trans-transport-i-logistyka-1500x502.jpg\" width=\"1500\" height=\"502\" title='Sped trans transport i logistyka' alt=''  itemprop=\"thumbnailUrl\"   \/><div class='av-section-color-overlay' style='opacity: 0.2; background-color: #000000; '><\/div><\/div><\/li><\/ul><\/div><\/div><div id='after_full_slider_1'  class='main_color av_default_container_wrap container_wrap sidebar_right'  ><div class='container av-section-cont-open' ><div class='template-page content  av-content-small alpha units'><div class='post-entry post-entry-type-page post-entry-1681'><div class='entry-content-wrapper clearfix'>\n<div  class='flex_column av-glvfp-dbaf219af1a5d6a83c4db543c3d4a261 av_one_third  avia-builder-el-1  el_after_av_slideshow_full  el_before_av_two_third  avia-builder-el-first  first flex_column_div  '     ><style type=\"text\/css\" data-created_by=\"avia_inline_auto\" id=\"style-css-av-kv96h8tc-5a92af53e984094139920887b75c1ddf\">\n.avia-image-container.av-kv96h8tc-5a92af53e984094139920887b75c1ddf img.avia_image{\nbox-shadow:none;\n}\n.avia-image-container.av-kv96h8tc-5a92af53e984094139920887b75c1ddf .av-image-caption-overlay-center{\ncolor:#ffffff;\n}\n<\/style>\n<div  class='avia-image-container av-kv96h8tc-5a92af53e984094139920887b75c1ddf av-styling- avia-align-center  avia-builder-el-2  avia-builder-el-no-sibling '   itemprop=\"image\" itemscope=\"itemscope\" itemtype=\"https:\/\/schema.org\/ImageObject\" ><div class=\"avia-image-container-inner\"><div class=\"avia-image-overlay-wrap\"><img decoding=\"async\" fetchpriority=\"high\" class='wp-image-1227 avia-img-lazy-loading-not-1227 avia_image ' src=\"https:\/\/spedtrans.eu\/wp-content\/uploads\/2021\/10\/transport-krajowy.jpg\" alt='' title='transport-krajowy'  height=\"1033\" width=\"800\"  itemprop=\"thumbnailUrl\" srcset=\"https:\/\/spedtrans.eu\/wp-content\/uploads\/2021\/10\/transport-krajowy.jpg 800w, https:\/\/spedtrans.eu\/wp-content\/uploads\/2021\/10\/transport-krajowy-232x300.jpg 232w, https:\/\/spedtrans.eu\/wp-content\/uploads\/2021\/10\/transport-krajowy-798x1030.jpg 798w, https:\/\/spedtrans.eu\/wp-content\/uploads\/2021\/10\/transport-krajowy-768x992.jpg 768w, https:\/\/spedtrans.eu\/wp-content\/uploads\/2021\/10\/transport-krajowy-546x705.jpg 546w\" sizes=\"(max-width: 800px) 100vw, 800px\" \/><\/div><\/div><\/div><\/div>\n<div  class='flex_column av-8hpot-b8106869e23e562da20ef48d3065d044 av_two_third  avia-builder-el-3  el_after_av_one_third  avia-builder-el-last  flex_column_div  '     ><section  class='av_textblock_section av-kv96gd0u-a963d3e9711c51f03a82d4d7225f33aa '   itemscope=\"itemscope\" itemtype=\"https:\/\/schema.org\/CreativeWork\" ><div class='avia_textblock'  itemprop=\"text\" ><h2>Wir bieten landesweite Transportdienstleistungen mit allen Fahrzeugtypen an, sowohl f\u00fcr Komplettladungen als auch f\u00fcr Sammelgut.<\/h2>\n<\/div><\/section><br \/>\n<div  class='hr av-a8emt-0e352f73b3fda61c589a81daf7719873 hr-default  avia-builder-el-5  el_after_av_textblock  el_before_av_textblock '><span class='hr-inner '><span class=\"hr-inner-style\"><\/span><\/span><\/div><br \/>\n<section  class='av_textblock_section av-kv96gsgu-d51864f0a7d31025b6daa9cdc0223509 '   itemscope=\"itemscope\" itemtype=\"https:\/\/schema.org\/CreativeWork\" ><div class='avia_textblock'  itemprop=\"text\" ><h4>Um die Erwartungen unserer Kunden zu erf\u00fcllen, transportieren wir Waren an jeden beliebigen Ort in ganz Polen. Je nach Ihrem Bedarf transportieren wir nicht nur gro\u00dfe Ladungen, sondern auch kleinere Pakete. Wir sorgen daf\u00fcr, dass die Auftr\u00e4ge p\u00fcnktlich ausgef\u00fchrt werden und \u00fcberwachen die Sendungen jederzeit.<\/h4>\n<\/div><\/section><\/p><\/div>\n","protected":false},"excerpt":{"rendered":"","protected":false},"author":1,"featured_media":0,"parent":0,"menu_order":0,"comment_status":"closed","ping_status":"closed","template":"","meta":{"footnotes":""},"class_list":["post-1681","page","type-page","status-publish","hentry"],"yoast_head":"<!-- This site is optimized with the Yoast SEO plugin v27.2 - https:\/\/yoast.com\/product\/yoast-seo-wordpress\/ -->\n<title>Innerstaatlicher Verkehr - Firma Transportowa Olsztyn<\/title>\n<meta name=\"robots\" content=\"index, follow, max-snippet:-1, max-image-preview:large, max-video-preview:-1\" \/>\n<link rel=\"canonical\" href=\"https:\/\/spedtrans.eu\/de\/innerstaatlicher-verkehr\/\" \/>\n<meta property=\"og:locale\" content=\"de_DE\" \/>\n<meta property=\"og:type\" content=\"article\" \/>\n<meta property=\"og:title\" content=\"Innerstaatlicher Verkehr - Firma Transportowa Olsztyn\" \/>\n<meta property=\"og:url\" content=\"https:\/\/spedtrans.eu\/de\/innerstaatlicher-verkehr\/\" \/>\n<meta property=\"og:site_name\" content=\"Firma Transportowa Olsztyn\" \/>\n<meta property=\"article:modified_time\" content=\"2023-03-10T15:05:12+00:00\" \/>\n<meta name=\"twitter:card\" content=\"summary_large_image\" \/>\n<meta name=\"twitter:label1\" content=\"Gesch\u00e4tzte Lesezeit\" \/>\n\t<meta name=\"twitter:data1\" content=\"5\u00a0Minuten\" \/>\n<script type=\"application\/ld+json\" class=\"yoast-schema-graph\">{\"@context\":\"https:\/\/schema.org\",\"@graph\":[{\"@type\":\"WebPage\",\"@id\":\"https:\/\/spedtrans.eu\/de\/innerstaatlicher-verkehr\/\",\"url\":\"https:\/\/spedtrans.eu\/de\/innerstaatlicher-verkehr\/\",\"name\":\"Innerstaatlicher Verkehr - Firma Transportowa Olsztyn\",\"isPartOf\":{\"@id\":\"https:\/\/spedtrans.eu\/de\/#website\"},\"datePublished\":\"2021-10-27T04:51:12+00:00\",\"dateModified\":\"2023-03-10T15:05:12+00:00\",\"breadcrumb\":{\"@id\":\"https:\/\/spedtrans.eu\/de\/innerstaatlicher-verkehr\/#breadcrumb\"},\"inLanguage\":\"de\",\"potentialAction\":[{\"@type\":\"ReadAction\",\"target\":[\"https:\/\/spedtrans.eu\/de\/innerstaatlicher-verkehr\/\"]}]},{\"@type\":\"BreadcrumbList\",\"@id\":\"https:\/\/spedtrans.eu\/de\/innerstaatlicher-verkehr\/#breadcrumb\",\"itemListElement\":[{\"@type\":\"ListItem\",\"position\":1,\"name\":\"Strona g\u0142\u00f3wna\",\"item\":\"https:\/\/spedtrans.eu\/de\/logistik-transport-spedition\/\"},{\"@type\":\"ListItem\",\"position\":2,\"name\":\"Innerstaatlicher Verkehr\"}]},{\"@type\":\"WebSite\",\"@id\":\"https:\/\/spedtrans.eu\/de\/#website\",\"url\":\"https:\/\/spedtrans.eu\/de\/\",\"name\":\"Firma Transportowa Olsztyn\",\"description\":\"Spedtrans- Kompleksowe us\u0142ugi Logistyczne i Transport mi\u0119dzynarodowy.\",\"publisher\":{\"@id\":\"https:\/\/spedtrans.eu\/de\/#organization\"},\"potentialAction\":[{\"@type\":\"SearchAction\",\"target\":{\"@type\":\"EntryPoint\",\"urlTemplate\":\"https:\/\/spedtrans.eu\/de\/?s={search_term_string}\"},\"query-input\":{\"@type\":\"PropertyValueSpecification\",\"valueRequired\":true,\"valueName\":\"search_term_string\"}}],\"inLanguage\":\"de\"},{\"@type\":\"Organization\",\"@id\":\"https:\/\/spedtrans.eu\/de\/#organization\",\"name\":\"SpedTrans SP. z O.O.\",\"alternateName\":\"Spedtrans Olsztyn\",\"url\":\"https:\/\/spedtrans.eu\/de\/\",\"logo\":{\"@type\":\"ImageObject\",\"inLanguage\":\"de\",\"@id\":\"https:\/\/spedtrans.eu\/de\/#\/schema\/logo\/image\/\",\"url\":\"https:\/\/spedtrans.eu\/wp-content\/uploads\/2021\/11\/transport-spedtrans-logo.jpg\",\"contentUrl\":\"https:\/\/spedtrans.eu\/wp-content\/uploads\/2021\/11\/transport-spedtrans-logo.jpg\",\"width\":122,\"height\":130,\"caption\":\"SpedTrans SP. z O.O.\"},\"image\":{\"@id\":\"https:\/\/spedtrans.eu\/de\/#\/schema\/logo\/image\/\"}}]}<\/script>\n<!-- \/ Yoast SEO plugin. -->","yoast_head_json":{"title":"Innerstaatlicher Verkehr - Firma Transportowa Olsztyn","robots":{"index":"index","follow":"follow","max-snippet":"max-snippet:-1","max-image-preview":"max-image-preview:large","max-video-preview":"max-video-preview:-1"},"canonical":"https:\/\/spedtrans.eu\/de\/innerstaatlicher-verkehr\/","og_locale":"de_DE","og_type":"article","og_title":"Innerstaatlicher Verkehr - Firma Transportowa Olsztyn","og_url":"https:\/\/spedtrans.eu\/de\/innerstaatlicher-verkehr\/","og_site_name":"Firma Transportowa Olsztyn","article_modified_time":"2023-03-10T15:05:12+00:00","twitter_card":"summary_large_image","twitter_misc":{"Gesch\u00e4tzte Lesezeit":"5\u00a0Minuten"},"schema":{"@context":"https:\/\/schema.org","@graph":[{"@type":"WebPage","@id":"https:\/\/spedtrans.eu\/de\/innerstaatlicher-verkehr\/","url":"https:\/\/spedtrans.eu\/de\/innerstaatlicher-verkehr\/","name":"Innerstaatlicher Verkehr - Firma Transportowa Olsztyn","isPartOf":{"@id":"https:\/\/spedtrans.eu\/de\/#website"},"datePublished":"2021-10-27T04:51:12+00:00","dateModified":"2023-03-10T15:05:12+00:00","breadcrumb":{"@id":"https:\/\/spedtrans.eu\/de\/innerstaatlicher-verkehr\/#breadcrumb"},"inLanguage":"de","potentialAction":[{"@type":"ReadAction","target":["https:\/\/spedtrans.eu\/de\/innerstaatlicher-verkehr\/"]}]},{"@type":"BreadcrumbList","@id":"https:\/\/spedtrans.eu\/de\/innerstaatlicher-verkehr\/#breadcrumb","itemListElement":[{"@type":"ListItem","position":1,"name":"Strona g\u0142\u00f3wna","item":"https:\/\/spedtrans.eu\/de\/logistik-transport-spedition\/"},{"@type":"ListItem","position":2,"name":"Innerstaatlicher Verkehr"}]},{"@type":"WebSite","@id":"https:\/\/spedtrans.eu\/de\/#website","url":"https:\/\/spedtrans.eu\/de\/","name":"Firma Transportowa Olsztyn","description":"Spedtrans- Kompleksowe us\u0142ugi Logistyczne i Transport mi\u0119dzynarodowy.","publisher":{"@id":"https:\/\/spedtrans.eu\/de\/#organization"},"potentialAction":[{"@type":"SearchAction","target":{"@type":"EntryPoint","urlTemplate":"https:\/\/spedtrans.eu\/de\/?s={search_term_string}"},"query-input":{"@type":"PropertyValueSpecification","valueRequired":true,"valueName":"search_term_string"}}],"inLanguage":"de"},{"@type":"Organization","@id":"https:\/\/spedtrans.eu\/de\/#organization","name":"SpedTrans SP. z O.O.","alternateName":"Spedtrans Olsztyn","url":"https:\/\/spedtrans.eu\/de\/","logo":{"@type":"ImageObject","inLanguage":"de","@id":"https:\/\/spedtrans.eu\/de\/#\/schema\/logo\/image\/","url":"https:\/\/spedtrans.eu\/wp-content\/uploads\/2021\/11\/transport-spedtrans-logo.jpg","contentUrl":"https:\/\/spedtrans.eu\/wp-content\/uploads\/2021\/11\/transport-spedtrans-logo.jpg","width":122,"height":130,"caption":"SpedTrans SP. z O.O."},"image":{"@id":"https:\/\/spedtrans.eu\/de\/#\/schema\/logo\/image\/"}}]}},"_links":{"self":[{"href":"https:\/\/spedtrans.eu\/de\/wp-json\/wp\/v2\/pages\/1681","targetHints":{"allow":["GET"]}}],"collection":[{"href":"https:\/\/spedtrans.eu\/de\/wp-json\/wp\/v2\/pages"}],"about":[{"href":"https:\/\/spedtrans.eu\/de\/wp-json\/wp\/v2\/types\/page"}],"author":[{"embeddable":true,"href":"https:\/\/spedtrans.eu\/de\/wp-json\/wp\/v2\/users\/1"}],"replies":[{"embeddable":true,"href":"https:\/\/spedtrans.eu\/de\/wp-json\/wp\/v2\/comments?post=1681"}],"version-history":[{"count":1,"href":"https:\/\/spedtrans.eu\/de\/wp-json\/wp\/v2\/pages\/1681\/revisions"}],"predecessor-version":[{"id":1685,"href":"https:\/\/spedtrans.eu\/de\/wp-json\/wp\/v2\/pages\/1681\/revisions\/1685"}],"wp:attachment":[{"href":"https:\/\/spedtrans.eu\/de\/wp-json\/wp\/v2\/media?parent=1681"}],"curies":[{"name":"wp","href":"https:\/\/api.w.org\/{rel}","templated":true}]}}